{"id":5058,"date":"2024-02-02T07:38:22","date_gmt":"2024-02-02T06:38:22","guid":{"rendered":"https:\/\/www.rizzardini.it\/?page_id=5058"},"modified":"2024-02-02T07:40:19","modified_gmt":"2024-02-02T06:40:19","slug":"cookie-richtlinie","status":"publish","type":"page","link":"https:\/\/www.rizzardini.it\/de\/cookie-richtlinie\/","title":{"rendered":"Cookie-Richtlinie"},"content":{"rendered":"<div class=\"wpb-content-wrapper\"><p>[vc_row full_width=&#8220;stretch_row&#8220; equal_height=&#8220;yes&#8220; bg_type=&#8220;bg_color&#8220; seperator_enable=&#8220;seperator_enable_value&#8220; seperator_type=&#8220;tilt_left_seperator&#8220; seperator_position=&#8220;bottom_seperator&#8220; seperator_svg_height=&#8220;100&#8243; seperator_shape_background=&#8220;#f5f5f5&#8243; css=&#8220;.vc_custom_1698054211249{padding-top: 60px !important;padding-bottom: 60px !important;background-color: #f5f5f5 !important;}&#8220;][vc_column][vc_column_text]<\/p>\n<p class=\"ql-align-justify\"><strong>Erweiterte Informationen \u00fcber die Verwendung von Cookies. G\u00fcltig ab 1. Februar 2024<\/strong><\/p>\n<p><strong>VORWORT<\/strong><\/p>\n<p>Diese Cookie-Richtlinie wurde f\u00fcr die Website https:\/\/www.rizzardini.it (<strong>Website<\/strong>) erstellt. Das Dokument wurde unter Ber\u00fccksichtigung der Bestimmungen der Europ\u00e4ischen Datenschutzverordnung 679\/2016 (<strong>DSGVO<\/strong>), des Datenschutzgesetzes (Gesetzesverordnung Nr. 196 vom 30. Juni 2003) und der Richtlinien der Datenschutzbeh\u00f6rde (insbesondere der Richtlinien zur Verwendung von Cookies vom 10. Juli 2021) erstellt.<\/p>\n<p class=\"ql-align-justify\"><strong>Inhaber der Datenverarbeitung<\/strong>: RIZZARDINI SRL, mit Sitz in Preseglie (BS) Via Mondalino Nr. 64\/66 (25070), PEC contatto@pec.rizzardini.it, MwSt.-Nr. 02887390983, eingetragen bei der Handelskammer von Brescia, Telefon 0365 826629, E-Mail info@rizzardini.it<\/p>\n<p class=\"ql-align-justify\"><strong>ALLGEMEINE INFORMATIONEN<\/strong><\/p>\n<p class=\"ql-align-justify\"><strong>Was sind Cookies und wof\u00fcr werden sie verwendet?<\/strong><\/p>\n<p class=\"ql-align-justify\">Ein Cookie ist eine Textdatei, die eine vom Nutzer besuchte Website an sein Endger\u00e4t (Computer, mobiles Ger\u00e4t wie Smartphone oder Tablet) sendet, wo sie gespeichert wird, um bei seinem n\u00e4chsten Besuch an diese Website zur\u00fcckgesendet zu werden.<\/p>\n<p class=\"ql-align-justify\">Cookies werden voneinander unterschieden:<\/p>\n<ul>\n<li class=\"ql-align-justify\">je nachdem, wer sie installiert und ob es der Betreiber der besuchten Website selbst ist (sog. \u201eErstanbieter-Cookies\u201c) oder einer anderen Partei (sog. \u201eDrittanbieter-Cookies\u201c);<\/li>\n<li class=\"ql-align-justify\">je nach Zweck des jeweiligen Cookies: Einige Cookies erm\u00f6glichen eine bessere Navigation, indem sie bestimmte Benutzereinstellungen, wie z. B. die Sprache, speichern (sog. \u201etechnische Cookies\u201c), andere Cookies erm\u00f6glichen die \u00dcberwachung der Navigation des Nutzers, auch zum Zweck der Zusendung von Werbung und\/oder des Angebots von Diensten, die den Pr\u00e4ferenzen des Nutzers entsprechen (sog. \u201eProfilierungs-Cookies\u201c).<\/li>\n<\/ul>\n<p class=\"ql-align-justify\">Nur bei Profilierungs-Cookies ist die vorherige Zustimmung des Nutzers zu deren Verwendung erforderlich.<\/p>\n<p class=\"ql-align-justify\">Der Inhaber der Datenverarbeitung ist nur f\u00fcr die von ihm auf der Website installierten Erstanbieter-Cookies verantwortlich.<\/p>\n<p class=\"ql-align-justify\">Unter \u201e<strong>Technische Erstanbieter-Cookies<\/strong>\u201c k\u00f6nnen Sie die Arten von technischen Erstanbieter-Cookies einsehen, die von der Website ausgegeben werden.<\/p>\n<p class=\"ql-align-justify\">Die Verwaltung von Profilierungs-Cookies wird unter \u201e<strong>Profilierungs-Cookies von Drittanbieter<\/strong>\u201c beschrieben.<\/p>\n<p>Sie k\u00f6nnen Cookies \u00fcber die Optionen Ihres Browsers aktivieren\/deaktivieren:<\/p>\n<p><strong>Internet Explorer<\/strong><\/p>\n<p>W\u00e4hlen Sie das Men\u00fc\u00a0<strong>Extras<\/strong>\u00a0und dann\u00a0<strong>Internetoptionen<\/strong>.<\/p>\n<p>Klicken Sie auf\u00a0<strong>Datenschutz<\/strong>\u00a0und dann auf\u00a0<strong>Erweitert<\/strong>.<\/p>\n<p>W\u00e4hlen Sie im Fenster\u00a0<strong>Cookies<\/strong>\u00a0Ihre bevorzugten Einstellungen.<\/p>\n<p><strong>Google Chrome<\/strong><\/p>\n<p>Klicken Sie auf das\u00a0<strong>Chrome-Men\u00fc<\/strong>, das der Schaltfl\u00e4che in der oberen rechten Ecke entspricht.<\/p>\n<p>W\u00e4hlen Sie\u00a0<strong>Einstellungen<\/strong>\u00a0und klicken Sie dann auf\u00a0<strong>Erweitert<\/strong>.<\/p>\n<p>Klicken Sie im Abschnitt\u00a0<strong>Datenschutz und Sicherheit<\/strong>\u00a0auf die Schaltfl\u00e4che\u00a0<strong>Inhaltseinstellungen<\/strong>.<\/p>\n<p>W\u00e4hlen Sie Ihre bevorzugten Optionen im Abschnitt\u00a0<strong>Cookie<\/strong>\u00a0aus.<\/p>\n<p><strong>Firefox<\/strong><\/p>\n<p>Klicken Sie auf\u00a0<strong>Extras<\/strong>\u00a0und dann auf das Men\u00fc\u00a0<strong>Optionen<\/strong>.<\/p>\n<p>Klicken Sie auf die Einstellungen f\u00fcr\u00a0<strong>Datenschutz und Sicherheit<\/strong>.<\/p>\n<p>W\u00e4hlen Sie\u00a0<strong>Benutzerdefinierte Einstellungen f\u00fcr den Verlauf verwenden<\/strong>.<\/p>\n<p>W\u00e4hlen Sie Ihre bevorzugten Optionen im Abschnitt\u00a0<strong>Cookies und Daten von Websites akzeptieren<\/strong>.<\/p>\n<p><strong>Safari<\/strong><\/p>\n<p>Klicken Sie auf\u00a0<strong>Safari<\/strong>\u00a0und dann auf\u00a0<strong>Voreinstellungen<\/strong>.<\/p>\n<p>Klicken Sie auf den Abschnitt\u00a0<strong>Datenschutz und Sicherheit<\/strong>.<\/p>\n<p class=\"ql-align-justify\">Gehen Sie zu\u00a0<strong>Cookies blockieren<\/strong>\u00a0und w\u00e4hlen Sie Ihre bevorzugten Optionen.<\/p>\n<p class=\"ql-align-justify\"><strong>Technische Cookies von Erstanbietern<\/strong><\/p>\n<p class=\"ql-align-justify\">Diese Cookies sind f\u00fcr das Funktionieren der Website erforderlich und k\u00f6nnen nicht deaktiviert werden. Sie werden in der Regel als Reaktion auf Handlungen definiert, die eine Anfrage nach Diensten darstellen, wie z. B. das Setzen von Cookie-Pr\u00e4ferenzen, das Aufrufen oder Ausf\u00fcllen von Formularen und Browsing-Pr\u00e4ferenzen.<\/p>\n<ul>\n<li>Die Website vergibt Navigations- oder Sitzungscookies, die eine normale Navigation und Nutzung der Website gew\u00e4hrleisten.<\/li>\n<li>Technische Cookies werden auch verwendet, um Ihnen das Surfen auf der Website zu erm\u00f6glichen, wobei die von Ihnen getroffenen Auswahlen beibehalten werden.<\/li>\n<\/ul>\n<p>&nbsp;<\/p>\n<p class=\"ql-align-justify\"><strong>Profilierungs-Cookies von Drittanbietern<\/strong><\/p>\n<p class=\"ql-align-justify\">Die Website verwendet keine Cookies zur Profilerstellung, Werbung oder f\u00fcr statistische Zwecke.<\/p>\n<p class=\"ql-align-justify\"><strong>Ihre Rechte<\/strong><\/p>\n<p class=\"ql-align-justify\">Gem\u00e4\u00df Art. 13 der DSGVO informiert Sie der Inhaber der Datenverarbeitung, dass Sie das Recht haben:<\/p>\n<ul>\n<li class=\"ql-align-justify\">vom Inhaber der Datenverarbeitung Zugang zu den sie betreffenden personenbezogenen Daten, deren Berichtigung oder L\u00f6schung oder die Einschr\u00e4nkung der Verarbeitung dieser Daten zu verlangen oder der Verarbeitung dieser Daten zu widersprechen sowie das Recht auf Daten\u00fcbertragbarkeit<\/li>\n<li class=\"ql-align-justify\">die Einwilligung jederzeit zu widerrufen, ohne dass dadurch die Rechtm\u00e4\u00dfigkeit der Verarbeitung aufgrund der vor dem Widerruf erteilten Einwilligung ber\u00fchrt wird<\/li>\n<li class=\"ql-align-justify\">sich bei einer Aufsichtsbeh\u00f6rde (z. B. der Datenschutzbeh\u00f6rde) beschweren.<\/li>\n<\/ul>\n<p class=\"ql-align-justify\">Die oben genannten Rechte k\u00f6nnen durch einen Antrag an die im Vorwort genannten Kontaktdaten ausge\u00fcbt werden.<\/p>\n<p class=\"ql-align-justify\"><strong>Datenkommunikation<\/strong><\/p>\n<ul>\n<li>Der Inhaber der Datenverarbeitung gibt die aus der Verwendung von Cookies resultierenden Informationen nicht an Dritte weiter.<\/li>\n<li>Der Inhaber der Datenverarbeitung \u00fcbermittelt die Daten an das mit der Durchf\u00fchrung der Werbekampagnen beauftragte Unternehmen und\/oder an die mit der Verwaltung der Website beauftragte Webagentur.<\/li>\n<\/ul>\n<p>&nbsp;<\/p>\n<p class=\"ql-align-justify\"><strong>Aufbewahrung von Informationen<\/strong><\/p>\n<ul>\n<li>Daten aus technischen Cookies werden so lange gespeichert, wie es f\u00fcr die Erbringung des Dienstes, auf den sich das jeweilige technische Cookie bezieht, erforderlich ist.<\/li>\n<\/ul>\n<p>[\/vc_column_text][\/vc_column][\/vc_row][vc_row full_width=&#8220;stretch_row&#8220; content_placement=&#8220;middle&#8220; css=&#8220;.vc_custom_1697622923821{padding-top: 80px !important;padding-bottom: 60px !important;background-color: #2153a3 !important;}&#8220;][vc_column width=&#8220;1\/3&#8243;]<div id=\"ultimate-heading-93036a047c8911586\" class=\"uvc-heading ult-adjust-bottom-margin ultimate-heading-93036a047c8911586 uvc-6763  uvc-heading-default-font-sizes\" data-hspacer=\"no_spacer\"  data-halign=\"left\" style=\"text-align:left\"><div class=\"uvc-heading-spacer no_spacer\" style=\"top\"><\/div><div class=\"uvc-main-heading ult-responsive\"  data-ultimate-target='.uvc-heading.ultimate-heading-93036a047c8911586 h2'  data-responsive-json-new='{\"font-size\":\"\",\"line-height\":\"\"}' ><h2 style=\"font-weight:bold;color:#ffffff;\">Sie ben\u00f6tigen Informationen und ein Angebot?<\/h2><\/div><\/div>[\/vc_column][vc_column width=&#8220;1\/3&#8243;][vc_column_text el_class=&#8220;p-footer&#8220;]<\/p>\n<p style=\"color: white;\">F\u00fcr weitere Informationen z\u00f6gern Sie nicht, uns zu kontaktieren.<br \/>\nF\u00fcllen Sie das Online-Formular aus und senden Sie uns Ihre Anfrage oder rufen Sie unsere Telefonzentrale an, um zu dem Bereich weitergeleitet zu werden, der Ihren Anforderungen am besten entspricht.<\/p>\n<p>[\/vc_column_text][\/vc_column][vc_column width=&#8220;1\/3&#8243;]<div id=\"ultimate-heading-23926a047c89115b6\" class=\"uvc-heading ult-adjust-bottom-margin ultimate-heading-23926a047c89115b6 uvc-6327 \" data-hspacer=\"no_spacer\"  data-halign=\"center\" style=\"text-align:center\"><div class=\"uvc-heading-spacer no_spacer\" style=\"top\"><\/div><div class=\"uvc-sub-heading ult-responsive\"  data-ultimate-target='.uvc-heading.ultimate-heading-23926a047c89115b6 .uvc-sub-heading '  data-responsive-json-new='{\"font-size\":\"desktop:24px;\",\"line-height\":\"desktop:34px;\"}'  style=\"font-weight:bold;color:#ffffff;\"><strong><a style=\"font-weight: bold; color: #ffffff; text-decoration: none;\" href=\"tel:+390365826629\">+39 0365 826629<\/a><\/strong><\/p>\n<p><a style=\"font-weight: normal; color: #ffffff; text-decoration: none;\" href=\"mailto:info@rizzardini.it\">info@rizzardini.it<\/a><\/div><\/div><style type=\"text\/css\" data-type=\"the7_shortcodes-inline-css\">#default-btn-5bc752baab1b90372b2b6fba006102cf {\n  border-radius: 5px;\n  font-size: 16px;\n  line-height: 18px;\n}\n.btn-shadow#default-btn-5bc752baab1b90372b2b6fba006102cf {\n  box-shadow: 0 1px 6px rgba(0,0,0,0.12);\n  transition: box-shadow 0.2s ease-out, opacity 0.45s;\n}\n.btn-shadow#default-btn-5bc752baab1b90372b2b6fba006102cf:hover {\n  box-shadow: 0 5px 11px 0 rgba(0,0,0,0.18), 0 4px 15px 0 rgba(0,0,0,0.15);\n}\n.btn-3d#default-btn-5bc752baab1b90372b2b6fba006102cf {\n  box-shadow: 0px 2px 0px 0px #3155b0;\n}\n.btn-3d#default-btn-5bc752baab1b90372b2b6fba006102cf:hover {\n  box-shadow: 0px 2px 0px 0px #091a26;\n}\n.btn-flat#default-btn-5bc752baab1b90372b2b6fba006102cf {\n  box-shadow: none;\n}\n.btn-flat#default-btn-5bc752baab1b90372b2b6fba006102cf:hover {\n  box-shadow: none;\n}\n#default-btn-5bc752baab1b90372b2b6fba006102cf.ico-right-side > i {\n  margin-right: 0px;\n  margin-left: 8px;\n}\n#default-btn-5bc752baab1b90372b2b6fba006102cf > i {\n  margin-right: 8px;\n  font-size: 16px;\n}\n#default-btn-5bc752baab1b90372b2b6fba006102cf:not(:hover) {\n  border-width: 3px;\n  border-color: #396ae5 !important;\n  color: #ffffff;\n  background: #396ae5 !important;\n  padding: 16px 10px 16px 10px;\n}\n#default-btn-5bc752baab1b90372b2b6fba006102cf:not(:hover) * {\n  color: #ffffff;\n}\n#default-btn-5bc752baab1b90372b2b6fba006102cf:hover {\n  border-width: 3px;\n  border-color: #0a3d62 !important;\n  color: #ffffff;\n  background: #0a3d62 !important;\n  padding: 16px 10px 16px 10px;\n}\n#default-btn-5bc752baab1b90372b2b6fba006102cf:hover * {\n  color: #ffffff;\n}\n#default-btn-5bc752baab1b90372b2b6fba006102cf.ico-right-side > i {\n  margin-right: 0px;\n  margin-left: 8px;\n}\n#default-btn-5bc752baab1b90372b2b6fba006102cf > i {\n  margin-right: 8px;\n}\n<\/style><div class=\"btn-align-center\"><a href=\"#\" class=\"default-btn-shortcode dt-btn link-hover-off btn-flat \" id=\"default-btn-5bc752baab1b90372b2b6fba006102cf\" style=\"width:240px;\"><span>Stellen Sie Ihre Anfrage<\/span><\/a><\/div>[\/vc_column][\/vc_row]<\/p>\n<\/div>","protected":false},"excerpt":{"rendered":"<p>[vc_row full_width=&#8220;stretch_row&#8220; equal_height=&#8220;yes&#8220; bg_type=&#8220;bg_color&#8220; seperator_enable=&#8220;seperator_enable_value&#8220; seperator_type=&#8220;tilt_left_seperator&#8220; seperator_position=&#8220;bottom_seperator&#8220; seperator_svg_height=&#8220;100&#8243; seperator_shape_background=&#8220;#f5f5f5&#8243; css=&#8220;.vc_custom_1698054211249{padding-top: 60px !important;padding-bottom: 60px !important;background-color: #f5f5f5 !important;}&#8220;][vc_column][vc_column_text] Erweiterte Informationen \u00fcber die Verwendung von Cookies. G\u00fcltig ab 1. Februar 2024 VORWORT Diese Cookie-Richtlinie wurde f\u00fcr die Website https:\/\/www.rizzardini.it (Website) erstellt. Das Dokument wurde unter Ber\u00fccksichtigung der Bestimmungen der Europ\u00e4ischen Datenschutzverordnung 679\/2016 (DSGVO), des Datenschutzgesetzes (Gesetzesverordnung Nr. 196&hellip;<\/p>\n","protected":false},"author":1,"featured_media":0,"parent":0,"menu_order":20,"comment_status":"closed","ping_status":"closed","template":"","meta":{"footnotes":""},"yoast_head":"<!-- This site is optimized with the Yoast SEO plugin v21.6 - https:\/\/yoast.com\/wordpress\/plugins\/seo\/ -->\n<title>Cookie-Richtlinie - Rizzardini<\/title>\n<meta name=\"robots\" content=\"index, follow, max-snippet:-1, max-image-preview:large, max-video-preview:-1\" \/>\n<link rel=\"canonical\" href=\"https:\/\/www.rizzardini.it\/de\/cookie-richtlinie\/\" \/>\n<meta property=\"og:locale\" content=\"de_DE\" \/>\n<meta property=\"og:type\" content=\"article\" \/>\n<meta property=\"og:title\" content=\"Cookie-Richtlinie - Rizzardini\" \/>\n<meta property=\"og:description\" content=\"[vc_row full_width=&#8220;stretch_row&#8220; equal_height=&#8220;yes&#8220; bg_type=&#8220;bg_color&#8220; seperator_enable=&#8220;seperator_enable_value&#8220; seperator_type=&#8220;tilt_left_seperator&#8220; seperator_position=&#8220;bottom_seperator&#8220; seperator_svg_height=&#8220;100&#8243; seperator_shape_background=&#8220;#f5f5f5&#8243; css=&#8220;.vc_custom_1698054211249{padding-top: 60px !important;padding-bottom: 60px !important;background-color: #f5f5f5 !important;}&#8220;][vc_column][vc_column_text] Erweiterte Informationen \u00fcber die Verwendung von Cookies. G\u00fcltig ab 1. Februar 2024 VORWORT Diese Cookie-Richtlinie wurde f\u00fcr die Website https:\/\/www.rizzardini.it (Website) erstellt. Das Dokument wurde unter Ber\u00fccksichtigung der Bestimmungen der Europ\u00e4ischen Datenschutzverordnung 679\/2016 (DSGVO), des Datenschutzgesetzes (Gesetzesverordnung Nr. 196&hellip;\" \/>\n<meta property=\"og:url\" content=\"https:\/\/www.rizzardini.it\/de\/cookie-richtlinie\/\" \/>\n<meta property=\"og:site_name\" content=\"Rizzardini\" \/>\n<meta property=\"article:modified_time\" content=\"2024-02-02T06:40:19+00:00\" \/>\n<meta name=\"twitter:card\" content=\"summary_large_image\" \/>\n<meta name=\"twitter:label1\" content=\"Gesch\u00e4tzte Lesezeit\" \/>\n\t<meta name=\"twitter:data1\" content=\"5 Minuten\" \/>\n<script type=\"application\/ld+json\" class=\"yoast-schema-graph\">{\"@context\":\"https:\/\/schema.org\",\"@graph\":[{\"@type\":\"WebPage\",\"@id\":\"https:\/\/www.rizzardini.it\/de\/cookie-richtlinie\/\",\"url\":\"https:\/\/www.rizzardini.it\/de\/cookie-richtlinie\/\",\"name\":\"Cookie-Richtlinie - Rizzardini\",\"isPartOf\":{\"@id\":\"https:\/\/www.rizzardini.it\/de\/#website\"},\"datePublished\":\"2024-02-02T06:38:22+00:00\",\"dateModified\":\"2024-02-02T06:40:19+00:00\",\"breadcrumb\":{\"@id\":\"https:\/\/www.rizzardini.it\/de\/cookie-richtlinie\/#breadcrumb\"},\"inLanguage\":\"de-DE\",\"potentialAction\":[{\"@type\":\"ReadAction\",\"target\":[\"https:\/\/www.rizzardini.it\/de\/cookie-richtlinie\/\"]}]},{\"@type\":\"BreadcrumbList\",\"@id\":\"https:\/\/www.rizzardini.it\/de\/cookie-richtlinie\/#breadcrumb\",\"itemListElement\":[{\"@type\":\"ListItem\",\"position\":1,\"name\":\"Home\",\"item\":\"https:\/\/www.rizzardini.it\/de\/home\/\"},{\"@type\":\"ListItem\",\"position\":2,\"name\":\"Cookie-Richtlinie\"}]},{\"@type\":\"WebSite\",\"@id\":\"https:\/\/www.rizzardini.it\/de\/#website\",\"url\":\"https:\/\/www.rizzardini.it\/de\/\",\"name\":\"Rizzardini\",\"description\":\"Stampi per la tranciatura di getti pressocolati\",\"potentialAction\":[{\"@type\":\"SearchAction\",\"target\":{\"@type\":\"EntryPoint\",\"urlTemplate\":\"https:\/\/www.rizzardini.it\/de\/?s={search_term_string}\"},\"query-input\":\"required name=search_term_string\"}],\"inLanguage\":\"de-DE\"}]}<\/script>\n<!-- \/ Yoast SEO plugin. -->","yoast_head_json":{"title":"Cookie-Richtlinie - Rizzardini","robots":{"index":"index","follow":"follow","max-snippet":"max-snippet:-1","max-image-preview":"max-image-preview:large","max-video-preview":"max-video-preview:-1"},"canonical":"https:\/\/www.rizzardini.it\/de\/cookie-richtlinie\/","og_locale":"de_DE","og_type":"article","og_title":"Cookie-Richtlinie - Rizzardini","og_description":"[vc_row full_width=&#8220;stretch_row&#8220; equal_height=&#8220;yes&#8220; bg_type=&#8220;bg_color&#8220; seperator_enable=&#8220;seperator_enable_value&#8220; seperator_type=&#8220;tilt_left_seperator&#8220; seperator_position=&#8220;bottom_seperator&#8220; seperator_svg_height=&#8220;100&#8243; seperator_shape_background=&#8220;#f5f5f5&#8243; css=&#8220;.vc_custom_1698054211249{padding-top: 60px !important;padding-bottom: 60px !important;background-color: #f5f5f5 !important;}&#8220;][vc_column][vc_column_text] Erweiterte Informationen \u00fcber die Verwendung von Cookies. G\u00fcltig ab 1. Februar 2024 VORWORT Diese Cookie-Richtlinie wurde f\u00fcr die Website https:\/\/www.rizzardini.it (Website) erstellt. Das Dokument wurde unter Ber\u00fccksichtigung der Bestimmungen der Europ\u00e4ischen Datenschutzverordnung 679\/2016 (DSGVO), des Datenschutzgesetzes (Gesetzesverordnung Nr. 196&hellip;","og_url":"https:\/\/www.rizzardini.it\/de\/cookie-richtlinie\/","og_site_name":"Rizzardini","article_modified_time":"2024-02-02T06:40:19+00:00","twitter_card":"summary_large_image","twitter_misc":{"Gesch\u00e4tzte Lesezeit":"5 Minuten"},"schema":{"@context":"https:\/\/schema.org","@graph":[{"@type":"WebPage","@id":"https:\/\/www.rizzardini.it\/de\/cookie-richtlinie\/","url":"https:\/\/www.rizzardini.it\/de\/cookie-richtlinie\/","name":"Cookie-Richtlinie - Rizzardini","isPartOf":{"@id":"https:\/\/www.rizzardini.it\/de\/#website"},"datePublished":"2024-02-02T06:38:22+00:00","dateModified":"2024-02-02T06:40:19+00:00","breadcrumb":{"@id":"https:\/\/www.rizzardini.it\/de\/cookie-richtlinie\/#breadcrumb"},"inLanguage":"de-DE","potentialAction":[{"@type":"ReadAction","target":["https:\/\/www.rizzardini.it\/de\/cookie-richtlinie\/"]}]},{"@type":"BreadcrumbList","@id":"https:\/\/www.rizzardini.it\/de\/cookie-richtlinie\/#breadcrumb","itemListElement":[{"@type":"ListItem","position":1,"name":"Home","item":"https:\/\/www.rizzardini.it\/de\/home\/"},{"@type":"ListItem","position":2,"name":"Cookie-Richtlinie"}]},{"@type":"WebSite","@id":"https:\/\/www.rizzardini.it\/de\/#website","url":"https:\/\/www.rizzardini.it\/de\/","name":"Rizzardini","description":"Stampi per la tranciatura di getti pressocolati","potentialAction":[{"@type":"SearchAction","target":{"@type":"EntryPoint","urlTemplate":"https:\/\/www.rizzardini.it\/de\/?s={search_term_string}"},"query-input":"required name=search_term_string"}],"inLanguage":"de-DE"}]}},"_links":{"self":[{"href":"https:\/\/www.rizzardini.it\/de\/wp-json\/wp\/v2\/pages\/5058"}],"collection":[{"href":"https:\/\/www.rizzardini.it\/de\/wp-json\/wp\/v2\/pages"}],"about":[{"href":"https:\/\/www.rizzardini.it\/de\/wp-json\/wp\/v2\/types\/page"}],"author":[{"embeddable":true,"href":"https:\/\/www.rizzardini.it\/de\/wp-json\/wp\/v2\/users\/1"}],"replies":[{"embeddable":true,"href":"https:\/\/www.rizzardini.it\/de\/wp-json\/wp\/v2\/comments?post=5058"}],"version-history":[{"count":3,"href":"https:\/\/www.rizzardini.it\/de\/wp-json\/wp\/v2\/pages\/5058\/revisions"}],"predecessor-version":[{"id":5066,"href":"https:\/\/www.rizzardini.it\/de\/wp-json\/wp\/v2\/pages\/5058\/revisions\/5066"}],"wp:attachment":[{"href":"https:\/\/www.rizzardini.it\/de\/wp-json\/wp\/v2\/media?parent=5058"}],"curies":[{"name":"wp","href":"https:\/\/api.w.org\/{rel}","templated":true}]}}