{"id":4785,"date":"2023-10-16T10:51:48","date_gmt":"2023-10-16T08:51:48","guid":{"rendered":"https:\/\/www.rizzardini.it\/qualitaet\/"},"modified":"2024-05-10T14:27:15","modified_gmt":"2024-05-10T12:27:15","slug":"qualitaet","status":"publish","type":"page","link":"https:\/\/www.rizzardini.it\/de\/qualitaet\/","title":{"rendered":"Qualit\u00e4t"},"content":{"rendered":"<div class=\"wpb-content-wrapper\"><p>[vc_row full_width=&#8220;stretch_row&#8220; equal_height=&#8220;yes&#8220; content_placement=&#8220;middle&#8220; bg_type=&#8220;bg_color&#8220; seperator_enable=&#8220;seperator_enable_value&#8220; seperator_type=&#8220;tilt_left_seperator&#8220; seperator_position=&#8220;bottom_seperator&#8220; seperator_svg_height=&#8220;100&#8243; seperator_shape_background=&#8220;#f5f5f5&#8243; css=&#8220;.vc_custom_1698243474497{padding-top: 30px !important;background-color: #f5f5f5 !important;}&#8220; bg_color_value=&#8220;#f5f5f5&#8243;][vc_column width=&#8220;1\/2&#8243;]<div id=\"ultimate-heading-75406a047c74af94b\" class=\"uvc-heading ult-adjust-bottom-margin ultimate-heading-75406a047c74af94b uvc-4029  uvc-heading-default-font-sizes\" data-hspacer=\"no_spacer\"  data-halign=\"left\" style=\"text-align:left\"><div class=\"uvc-heading-spacer no_spacer\" style=\"top\"><\/div><div class=\"uvc-main-heading ult-responsive\"  data-ultimate-target='.uvc-heading.ultimate-heading-75406a047c74af94b h3'  data-responsive-json-new='{\"font-size\":\"\",\"line-height\":\"\"}' ><h3 style=\"font-weight:bold;color:#2153a3;margin-bottom:20px;\">Qualit\u00e4t und Erfahrung<\/h3><\/div><div class=\"uvc-sub-heading ult-responsive\"  data-ultimate-target='.uvc-heading.ultimate-heading-75406a047c74af94b .uvc-sub-heading '  data-responsive-json-new='{\"font-size\":\"desktop:34px;\",\"line-height\":\"desktop:44px;\"}'  style=\"font-weight:bold;color:#222222;margin-bottom:30px;\">Zertifiziertes Qualit\u00e4tssystem<\/div><\/div>[vc_column_text el_class=&#8220;loghi-qualita&#8220;]<strong>Rizzardini wendet das zertifizierte Qualit\u00e4tssystem UNI EN ISO 9001:2015 an.<\/strong><\/p>\n<p><strong>Die Verfahren des Qualit\u00e4tssicherungssystems wurden in das ma\u00dfgeschneiderte Verwaltungssystem implementiert<\/strong>, um unsere Konstruktions-\/Produktionszyklus- und Verwaltungsdaten zusammenzuf\u00fchren und zu erg\u00e4nzen.<\/p>\n<p>Bei Interesse fordern Sie die Qualit\u00e4tspolitik unter <a href=\"mailto:info@rizzardini.it\">info@rizzardini.it<\/a> an[\/vc_column_text][vc_column_text el_class=&#8220;loghi-qualita&#8220;]<img decoding=\"async\" loading=\"lazy\" class=\"alignnone wp-image-4105\" src=\"https:\/\/www.rizzardini.it\/wp-content\/uploads\/logo-certificato-csq-iqnet.png\" alt=\"\" width=\"126\" height=\"77\"><img decoding=\"async\" loading=\"lazy\" class=\"alignnone wp-image-4106\" src=\"https:\/\/www.rizzardini.it\/wp-content\/uploads\/logo-certificato-icim.png\" alt=\"\" width=\"101\" height=\"86\">[\/vc_column_text][\/vc_column][vc_column width=&#8220;1\/2&#8243;][vc_row_inner content_placement=&#8220;middle&#8220; css=&#8220;.vc_custom_1698243416688{margin-bottom: 30px !important;background-color: #143b7a !important;}&#8220;][vc_column_inner width=&#8220;2\/5&#8243; css=&#8220;.vc_custom_1698243405651{background-image: url(https:\/\/www.rizzardini.it\/wp-content\/uploads\/bg-blu-scuro.jpg?id=4213) !important;background-position: center !important;background-repeat: no-repeat !important;background-size: cover !important;}&#8220;][vc_single_image image=&#8220;5076&#8243; img_size=&#8220;medium&#8220; el_class=&#8220;img-qualita&#8220;][\/vc_column_inner][vc_column_inner el_class=&#8220;qualita-p&#8220; width=&#8220;3\/5&#8243;][vc_column_text el_class=&#8220;qualita-p&#8220;]<\/p>\n<p style=\"text-align: left;\"><strong style=\"color: white;\">LADEN SIE UNSER IQNET-QUALIT\u00c4TSZERTIFIKAT HERUNTER<\/strong><\/p>\n<p>[\/vc_column_text]<style type=\"text\/css\">#dt-btn-1 {background: rgba(135,135,135,0.01);}#dt-btn-1:hover {background: rgba(136,136,136,0.01);}<\/style><a href=\"https:\/\/www.rizzardini.it\/wp-content\/uploads\/IQNet-Certificato-Rizzardini-UNI-EN-ISO-9001-2015-2024_2027.pdf\" class=\"btn-shortcode dt-btn-s dt-btn default-btn-color default-btn-hover-color certificato\" target=\"_blank\" id=\"dt-btn-1\" rel=\"noopener\"><span>Zertifikat herunterladen<\/span><\/a>[\/vc_column_inner][\/vc_row_inner][vc_row_inner content_placement=&#8220;middle&#8220; css=&#8220;.vc_custom_1697800749918{margin-bottom: 60px !important;background-color: #959eb0 !important;}&#8220;][vc_column_inner width=&#8220;2\/5&#8243; css=&#8220;.vc_custom_1697796831522{background-image: url(https:\/\/www.rizzardini.it\/wp-content\/uploads\/bg-grigio.jpg?id=4102) !important;background-position: center !important;background-repeat: no-repeat !important;background-size: cover !important;}&#8220;][vc_single_image image=&#8220;5079&#8243; img_size=&#8220;medium&#8220; el_class=&#8220;img-qualita&#8220;][\/vc_column_inner][vc_column_inner width=&#8220;3\/5&#8243;][vc_column_text el_class=&#8220;qualita-p&#8220;]<strong style=\"color: white;\">UNSER ICIM-QUALIT\u00c4TSZERTIFIKAT HERUNTERLADEN<\/strong>[\/vc_column_text]<style type=\"text\/css\">#dt-btn-2 {background: rgba(135,135,135,0.01);}#dt-btn-2:hover {background: rgba(136,136,136,0.01);}<\/style><a href=\"https:\/\/www.rizzardini.it\/wp-content\/uploads\/ICIM-Certificato-Rizzardini-UNI-EN-ISO-9001-2015-2024_2027.pdf\" class=\"btn-shortcode dt-btn-s dt-btn default-btn-color default-btn-hover-color certificato\" target=\"_blank\" id=\"dt-btn-2\" rel=\"noopener\"><span>Zertifikat herunterladen<\/span><\/a>[\/vc_column_inner][\/vc_row_inner][\/vc_column][\/vc_row][vc_row css=&#8220;.vc_custom_1697615619788{padding-top: 60px !important;padding-bottom: 60px !important;}&#8220;][vc_column offset=&#8220;vc_col-lg-offset-2 vc_col-lg-8 vc_col-md-offset-2 vc_col-md-8 vc_col-sm-offset-0 vc_col-xs-12&#8243; css=&#8220;.vc_custom_1697615596246{padding-bottom: 30px !important;}&#8220;][vc_row_inner][vc_column_inner width=&#8220;1\/2&#8243; css=&#8220;.vc_custom_1698408846817{margin-bottom: 45px !important;border-right-width: 3px !important;padding-top: 30px !important;padding-bottom: 30px !important;border-right-color: #2153a3 !important;border-right-style: solid !important;}&#8220; offset=&#8220;vc_col-lg-offset-0 vc_col-md-offset-0 vc_col-sm-offset-0 vc_col-xs-6&#8243;][\/vc_column_inner][\/vc_row_inner]<div id=\"ultimate-heading-46566a047c74af9cd\" class=\"uvc-heading ult-adjust-bottom-margin ultimate-heading-46566a047c74af9cd uvc-3065 \" data-hspacer=\"no_spacer\"  data-halign=\"center\" style=\"text-align:center\"><div class=\"uvc-heading-spacer no_spacer\" style=\"top\"><\/div><div class=\"uvc-sub-heading ult-responsive\"  data-ultimate-target='.uvc-heading.ultimate-heading-46566a047c74af9cd .uvc-sub-heading '  data-responsive-json-new='{\"font-size\":\"desktop:34px;\",\"line-height\":\"desktop:30px;\"}'  style=\"font-weight:bold;color:#2153a3;margin-bottom:30px;\"><\/p>\n<p style=\"text-align: center;\"><strong>Vollst\u00e4ndig interner Produktionszyklus, koordiniert durch ein Verwaltungssystem<\/strong><\/p>\n<p><\/div><\/div>[vc_column_text]<\/p>\n<p style=\"text-align: center;\"><strong>Seit vielen Jahren hat sich Rizzardini dazu entschlossen, in ein INTERNES VERWALTUNGSPROGRAMM zu investieren, das den Vorschriften des zertifizierten Qualit\u00e4tssystems UNI EN ISO 9001:2015 entspricht.<\/strong><\/p>\n<p style=\"text-align: center;\">Wir glauben fest an unser Team von Mitarbeitern und an die IT-Verwaltung von Daten und Prozessen, weshalb das Unternehmen vollst\u00e4ndig an das Verwaltungsprogramm (Industrie 4.0) angeschlossen ist. Die technologische Innovation ist heute ein so grundlegender Bestandteil von Rizzardini, dass wir <strong>intern eine Person ausgebildet haben, die in der Lage ist, unsere IT-Tools weiterzuentwickeln und zu modifizieren.<\/strong><\/p>\n<p style=\"text-align: center;\"><strong>Das System, das im Laufe der Jahre eingef\u00fchrt und verbessert wurde, erm\u00f6glicht es uns, in k\u00fcrzester Zeit Produkte und Dienstleistungen von h\u00f6chster Qualit\u00e4t zu erhalten, die mit einer Datensammlung einhergehen, die ein f\u00fcr unser Unternehmen und unsere Kunden grundlegendes Informationsarchiv speist.<\/strong><\/p>\n<p>[\/vc_column_text][\/vc_column][\/vc_row][vc_row css=&#8220;.vc_custom_1697805428666{margin-bottom: 100px !important;}&#8220; el_class=&#8220;img-qualita-2&#8243;][vc_column css=&#8220;.vc_custom_1702308633212{margin-bottom: 60px !important;background-image: url(https:\/\/www.rizzardini.it\/wp-content\/uploads\/Mask-group-de.png?id=4876) !important;background-position: center !important;background-repeat: no-repeat !important;background-size: cover !important;}&#8220;][vc_single_image image=&#8220;4334&#8243; img_size=&#8220;full&#8220; alignment=&#8220;center&#8220; el_class=&#8220;processo&#8220; css=&#8220;.vc_custom_1702306977745{padding-bottom: 50px !important;}&#8220;][\/vc_column][\/vc_row][vc_row full_width=&#8220;stretch_row&#8220; content_placement=&#8220;middle&#8220; css=&#8220;.vc_custom_1698243429648{padding-top: 80px !important;padding-bottom: 60px !important;background-color: #143b7a !important;}&#8220;][vc_column offset=&#8220;vc_col-lg-4 vc_col-md-12&#8243; css=&#8220;.vc_custom_1575378589868{padding-bottom: 20px !important;}&#8220;]<div id=\"ultimate-heading-60146a047c74af9e9\" class=\"uvc-heading ult-adjust-bottom-margin ultimate-heading-60146a047c74af9e9 uvc-5022  uvc-heading-default-font-sizes\" data-hspacer=\"no_spacer\"  data-halign=\"center\" style=\"text-align:center\"><div class=\"uvc-heading-spacer no_spacer\" style=\"top\"><\/div><div class=\"uvc-sub-heading ult-responsive\"  data-ultimate-target='.uvc-heading.ultimate-heading-60146a047c74af9e9 .uvc-sub-heading '  data-responsive-json-new='{\"font-size\":\"\",\"line-height\":\"\"}'  style=\"font-weight:bold;color:#ffffff;\"><\/p>\n<h2 style=\"text-align: left; color: white;\">Qualifizierte Dienstleistungen<\/h2>\n<p><\/div><\/div>[\/vc_column][vc_column offset=&#8220;vc_col-lg-4 vc_col-md-12&#8243; css=&#8220;.vc_custom_1575378595138{padding-bottom: 20px !important;}&#8220;][vc_column_text el_class=&#8220;p-footer-q&#8220;]<\/p>\n<p style=\"color: white;\">Unser Service f\u00fcr den Entwurf und die Konstruktion von Entgratwerkzeugen macht die Endproduktion zuverl\u00e4ssiger, da wir die M\u00f6glichkeit haben, Stanzprobleme bereits in der Studienphase der Druckgussteilkonfiguration zu beurteilen.<\/p>\n<p>[\/vc_column_text][\/vc_column][vc_column offset=&#8220;vc_col-lg-4 vc_col-md-12 vc_col-xs-12&#8243; css=&#8220;.vc_custom_1575378844390{padding-bottom: 20px !important;}&#8220;]<style type=\"text\/css\" data-type=\"the7_shortcodes-inline-css\">#default-btn-4bc1128dbae376d9137a90dc9c028b4d {\n  border-radius: 2px;\n  font-size: 16px;\n  line-height: 18px;\n}\n.btn-shadow#default-btn-4bc1128dbae376d9137a90dc9c028b4d {\n  box-shadow: 0 1px 6px rgba(0,0,0,0.12);\n  transition: box-shadow 0.2s ease-out, opacity 0.45s;\n}\n.btn-shadow#default-btn-4bc1128dbae376d9137a90dc9c028b4d:hover {\n  box-shadow: 0 5px 11px 0 rgba(0,0,0,0.18), 0 4px 15px 0 rgba(0,0,0,0.15);\n}\n.btn-3d#default-btn-4bc1128dbae376d9137a90dc9c028b4d {\n  box-shadow: 0px 2px 0px 0px #3155b0;\n}\n.btn-3d#default-btn-4bc1128dbae376d9137a90dc9c028b4d:hover {\n  box-shadow: 0px 2px 0px 0px #000000;\n}\n.btn-flat#default-btn-4bc1128dbae376d9137a90dc9c028b4d {\n  box-shadow: none;\n}\n.btn-flat#default-btn-4bc1128dbae376d9137a90dc9c028b4d:hover {\n  box-shadow: none;\n}\n#default-btn-4bc1128dbae376d9137a90dc9c028b4d.ico-right-side > i {\n  margin-right: 0px;\n  margin-left: 8px;\n}\n#default-btn-4bc1128dbae376d9137a90dc9c028b4d > i {\n  margin-right: 8px;\n  font-size: 16px;\n}\n#default-btn-4bc1128dbae376d9137a90dc9c028b4d:not(:hover) {\n  border-width: 0px;\n  color: #ffffff;\n  background: #396ae5 !important;\n  padding: 19px 13px 19px 13px;\n}\n#default-btn-4bc1128dbae376d9137a90dc9c028b4d:not(:hover) * {\n  color: #ffffff;\n}\n#default-btn-4bc1128dbae376d9137a90dc9c028b4d:hover {\n  border-width: 0px;\n  color: #ffffff;\n  background: #1a1c20 !important;\n  padding: 19px 13px 19px 13px;\n}\n#default-btn-4bc1128dbae376d9137a90dc9c028b4d:hover * {\n  color: #ffffff;\n}\n#default-btn-4bc1128dbae376d9137a90dc9c028b4d.ico-right-side > i {\n  margin-right: 0px;\n  margin-left: 8px;\n}\n#default-btn-4bc1128dbae376d9137a90dc9c028b4d > i {\n  margin-right: 8px;\n}\n<\/style><div class=\"btn-align-center\"><a href=\"https:\/\/www.rizzardini.it\/servizi\/\" class=\"default-btn-shortcode dt-btn link-hover-off btn-flat \" id=\"default-btn-4bc1128dbae376d9137a90dc9c028b4d\" style=\"width:240px;\" title=\"Servizi\"><span>Mehr lesen<\/span><\/a><\/div>[\/vc_column][\/vc_row]<\/p>\n<\/div>","protected":false},"excerpt":{"rendered":"<p>[vc_row full_width=&#8220;stretch_row&#8220; equal_height=&#8220;yes&#8220; content_placement=&#8220;middle&#8220; bg_type=&#8220;bg_color&#8220; seperator_enable=&#8220;seperator_enable_value&#8220; seperator_type=&#8220;tilt_left_seperator&#8220; seperator_position=&#8220;bottom_seperator&#8220; seperator_svg_height=&#8220;100&#8243; seperator_shape_background=&#8220;#f5f5f5&#8243; css=&#8220;.vc_custom_1698243474497{padding-top: 30px !important;background-color: #f5f5f5 !important;}&#8220; bg_color_value=&#8220;#f5f5f5&#8243;][vc_column width=&#8220;1\/2&#8243;][vc_column_text el_class=&#8220;loghi-qualita&#8220;]Rizzardini wendet das zertifizierte Qualit\u00e4tssystem UNI EN ISO 9001:2015 an. Die Verfahren des Qualit\u00e4tssicherungssystems wurden in das ma\u00dfgeschneiderte Verwaltungssystem implementiert, um unsere Konstruktions-\/Produktionszyklus- und Verwaltungsdaten zusammenzuf\u00fchren und zu erg\u00e4nzen. Bei Interesse fordern Sie die Qualit\u00e4tspolitik unter info@rizzardini.it an[\/vc_column_text][vc_column_text&hellip;<\/p>\n","protected":false},"author":1,"featured_media":0,"parent":0,"menu_order":10,"comment_status":"closed","ping_status":"closed","template":"","meta":{"footnotes":""},"yoast_head":"<!-- This site is optimized with the Yoast SEO plugin v21.6 - https:\/\/yoast.com\/wordpress\/plugins\/seo\/ -->\n<title>Qualit\u00e4t - Rizzardini<\/title>\n<meta name=\"robots\" content=\"index, follow, max-snippet:-1, max-image-preview:large, max-video-preview:-1\" \/>\n<link rel=\"canonical\" href=\"https:\/\/www.rizzardini.it\/de\/qualitaet\/\" \/>\n<meta property=\"og:locale\" content=\"de_DE\" \/>\n<meta property=\"og:type\" content=\"article\" \/>\n<meta property=\"og:title\" content=\"Qualit\u00e4t - Rizzardini\" \/>\n<meta property=\"og:description\" content=\"[vc_row full_width=&#8220;stretch_row&#8220; equal_height=&#8220;yes&#8220; content_placement=&#8220;middle&#8220; bg_type=&#8220;bg_color&#8220; seperator_enable=&#8220;seperator_enable_value&#8220; seperator_type=&#8220;tilt_left_seperator&#8220; seperator_position=&#8220;bottom_seperator&#8220; seperator_svg_height=&#8220;100&#8243; seperator_shape_background=&#8220;#f5f5f5&#8243; css=&#8220;.vc_custom_1698243474497{padding-top: 30px !important;background-color: #f5f5f5 !important;}&#8220; bg_color_value=&#8220;#f5f5f5&#8243;][vc_column width=&#8220;1\/2&#8243;][vc_column_text el_class=&#8220;loghi-qualita&#8220;]Rizzardini wendet das zertifizierte Qualit\u00e4tssystem UNI EN ISO 9001:2015 an. Die Verfahren des Qualit\u00e4tssicherungssystems wurden in das ma\u00dfgeschneiderte Verwaltungssystem implementiert, um unsere Konstruktions-\/Produktionszyklus- und Verwaltungsdaten zusammenzuf\u00fchren und zu erg\u00e4nzen. Bei Interesse fordern Sie die Qualit\u00e4tspolitik unter info@rizzardini.it an[\/vc_column_text][vc_column_text&hellip;\" \/>\n<meta property=\"og:url\" content=\"https:\/\/www.rizzardini.it\/de\/qualitaet\/\" \/>\n<meta property=\"og:site_name\" content=\"Rizzardini\" \/>\n<meta property=\"article:modified_time\" content=\"2024-05-10T12:27:15+00:00\" \/>\n<meta property=\"og:image\" content=\"https:\/\/www.rizzardini.it\/wp-content\/uploads\/logo-certificato-csq-iqnet.png\" \/>\n<meta name=\"twitter:card\" content=\"summary_large_image\" \/>\n<meta name=\"twitter:label1\" content=\"Gesch\u00e4tzte Lesezeit\" \/>\n\t<meta name=\"twitter:data1\" content=\"3 Minuten\" \/>\n<script type=\"application\/ld+json\" class=\"yoast-schema-graph\">{\"@context\":\"https:\/\/schema.org\",\"@graph\":[{\"@type\":\"WebPage\",\"@id\":\"https:\/\/www.rizzardini.it\/de\/qualitaet\/\",\"url\":\"https:\/\/www.rizzardini.it\/de\/qualitaet\/\",\"name\":\"Qualit\u00e4t - Rizzardini\",\"isPartOf\":{\"@id\":\"https:\/\/www.rizzardini.it\/de\/#website\"},\"datePublished\":\"2023-10-16T08:51:48+00:00\",\"dateModified\":\"2024-05-10T12:27:15+00:00\",\"breadcrumb\":{\"@id\":\"https:\/\/www.rizzardini.it\/de\/qualitaet\/#breadcrumb\"},\"inLanguage\":\"de-DE\",\"potentialAction\":[{\"@type\":\"ReadAction\",\"target\":[\"https:\/\/www.rizzardini.it\/de\/qualitaet\/\"]}]},{\"@type\":\"BreadcrumbList\",\"@id\":\"https:\/\/www.rizzardini.it\/de\/qualitaet\/#breadcrumb\",\"itemListElement\":[{\"@type\":\"ListItem\",\"position\":1,\"name\":\"Home\",\"item\":\"https:\/\/www.rizzardini.it\/de\/home\/\"},{\"@type\":\"ListItem\",\"position\":2,\"name\":\"Qualit\u00e4t\"}]},{\"@type\":\"WebSite\",\"@id\":\"https:\/\/www.rizzardini.it\/de\/#website\",\"url\":\"https:\/\/www.rizzardini.it\/de\/\",\"name\":\"Rizzardini\",\"description\":\"Stampi per la tranciatura di getti pressocolati\",\"potentialAction\":[{\"@type\":\"SearchAction\",\"target\":{\"@type\":\"EntryPoint\",\"urlTemplate\":\"https:\/\/www.rizzardini.it\/de\/?s={search_term_string}\"},\"query-input\":\"required name=search_term_string\"}],\"inLanguage\":\"de-DE\"}]}<\/script>\n<!-- \/ Yoast SEO plugin. -->","yoast_head_json":{"title":"Qualit\u00e4t - Rizzardini","robots":{"index":"index","follow":"follow","max-snippet":"max-snippet:-1","max-image-preview":"max-image-preview:large","max-video-preview":"max-video-preview:-1"},"canonical":"https:\/\/www.rizzardini.it\/de\/qualitaet\/","og_locale":"de_DE","og_type":"article","og_title":"Qualit\u00e4t - Rizzardini","og_description":"[vc_row full_width=&#8220;stretch_row&#8220; equal_height=&#8220;yes&#8220; content_placement=&#8220;middle&#8220; bg_type=&#8220;bg_color&#8220; seperator_enable=&#8220;seperator_enable_value&#8220; seperator_type=&#8220;tilt_left_seperator&#8220; seperator_position=&#8220;bottom_seperator&#8220; seperator_svg_height=&#8220;100&#8243; seperator_shape_background=&#8220;#f5f5f5&#8243; css=&#8220;.vc_custom_1698243474497{padding-top: 30px !important;background-color: #f5f5f5 !important;}&#8220; bg_color_value=&#8220;#f5f5f5&#8243;][vc_column width=&#8220;1\/2&#8243;][vc_column_text el_class=&#8220;loghi-qualita&#8220;]Rizzardini wendet das zertifizierte Qualit\u00e4tssystem UNI EN ISO 9001:2015 an. Die Verfahren des Qualit\u00e4tssicherungssystems wurden in das ma\u00dfgeschneiderte Verwaltungssystem implementiert, um unsere Konstruktions-\/Produktionszyklus- und Verwaltungsdaten zusammenzuf\u00fchren und zu erg\u00e4nzen. Bei Interesse fordern Sie die Qualit\u00e4tspolitik unter info@rizzardini.it an[\/vc_column_text][vc_column_text&hellip;","og_url":"https:\/\/www.rizzardini.it\/de\/qualitaet\/","og_site_name":"Rizzardini","article_modified_time":"2024-05-10T12:27:15+00:00","og_image":[{"url":"https:\/\/www.rizzardini.it\/wp-content\/uploads\/logo-certificato-csq-iqnet.png"}],"twitter_card":"summary_large_image","twitter_misc":{"Gesch\u00e4tzte Lesezeit":"3 Minuten"},"schema":{"@context":"https:\/\/schema.org","@graph":[{"@type":"WebPage","@id":"https:\/\/www.rizzardini.it\/de\/qualitaet\/","url":"https:\/\/www.rizzardini.it\/de\/qualitaet\/","name":"Qualit\u00e4t - Rizzardini","isPartOf":{"@id":"https:\/\/www.rizzardini.it\/de\/#website"},"datePublished":"2023-10-16T08:51:48+00:00","dateModified":"2024-05-10T12:27:15+00:00","breadcrumb":{"@id":"https:\/\/www.rizzardini.it\/de\/qualitaet\/#breadcrumb"},"inLanguage":"de-DE","potentialAction":[{"@type":"ReadAction","target":["https:\/\/www.rizzardini.it\/de\/qualitaet\/"]}]},{"@type":"BreadcrumbList","@id":"https:\/\/www.rizzardini.it\/de\/qualitaet\/#breadcrumb","itemListElement":[{"@type":"ListItem","position":1,"name":"Home","item":"https:\/\/www.rizzardini.it\/de\/home\/"},{"@type":"ListItem","position":2,"name":"Qualit\u00e4t"}]},{"@type":"WebSite","@id":"https:\/\/www.rizzardini.it\/de\/#website","url":"https:\/\/www.rizzardini.it\/de\/","name":"Rizzardini","description":"Stampi per la tranciatura di getti pressocolati","potentialAction":[{"@type":"SearchAction","target":{"@type":"EntryPoint","urlTemplate":"https:\/\/www.rizzardini.it\/de\/?s={search_term_string}"},"query-input":"required name=search_term_string"}],"inLanguage":"de-DE"}]}},"_links":{"self":[{"href":"https:\/\/www.rizzardini.it\/de\/wp-json\/wp\/v2\/pages\/4785"}],"collection":[{"href":"https:\/\/www.rizzardini.it\/de\/wp-json\/wp\/v2\/pages"}],"about":[{"href":"https:\/\/www.rizzardini.it\/de\/wp-json\/wp\/v2\/types\/page"}],"author":[{"embeddable":true,"href":"https:\/\/www.rizzardini.it\/de\/wp-json\/wp\/v2\/users\/1"}],"replies":[{"embeddable":true,"href":"https:\/\/www.rizzardini.it\/de\/wp-json\/wp\/v2\/comments?post=4785"}],"version-history":[{"count":8,"href":"https:\/\/www.rizzardini.it\/de\/wp-json\/wp\/v2\/pages\/4785\/revisions"}],"predecessor-version":[{"id":5108,"href":"https:\/\/www.rizzardini.it\/de\/wp-json\/wp\/v2\/pages\/4785\/revisions\/5108"}],"wp:attachment":[{"href":"https:\/\/www.rizzardini.it\/de\/wp-json\/wp\/v2\/media?parent=4785"}],"curies":[{"name":"wp","href":"https:\/\/api.w.org\/{rel}","templated":true}]}}