{"id":4779,"date":"2023-10-18T10:24:52","date_gmt":"2023-10-18T08:24:52","guid":{"rendered":"https:\/\/www.rizzardini.it\/dienstleistungen\/"},"modified":"2023-12-21T11:38:14","modified_gmt":"2023-12-21T10:38:14","slug":"dienstleistungen","status":"publish","type":"page","link":"https:\/\/www.rizzardini.it\/de\/dienstleistungen\/","title":{"rendered":"Dienstleistungen"},"content":{"rendered":"<div class=\"wpb-content-wrapper\"><p>[vc_row full_width=&#8220;stretch_row&#8220; equal_height=&#8220;yes&#8220; bg_type=&#8220;bg_color&#8220; seperator_enable=&#8220;seperator_enable_value&#8220; seperator_type=&#8220;tilt_left_seperator&#8220; seperator_position=&#8220;bottom_seperator&#8220; seperator_svg_height=&#8220;98&#8243; seperator_shape_background=&#8220;#f5f5f5&#8243; css=&#8220;.vc_custom_1697723977287{padding-top: 60px !important;padding-bottom: 60px !important;background-color: #f5f5f5 !important;}&#8220;][vc_column width=&#8220;1\/2&#8243;]<div id=\"ultimate-heading-64926a047c8913041\" class=\"uvc-heading ult-adjust-bottom-margin ultimate-heading-64926a047c8913041 uvc-9136 heading uvc-heading-default-font-sizes\" data-hspacer=\"no_spacer\"  data-halign=\"left\" style=\"text-align:left\"><div class=\"uvc-heading-spacer no_spacer\" style=\"top\"><\/div><div class=\"uvc-main-heading ult-responsive\"  data-ultimate-target='.uvc-heading.ultimate-heading-64926a047c8913041 h3'  data-responsive-json-new='{\"font-size\":\"\",\"line-height\":\"\"}' ><h3 style=\"font-weight:bold;color:#2153a3;\">Angebotene Dienstleistungen<\/h3><\/div><div class=\"uvc-sub-heading ult-responsive\"  data-ultimate-target='.uvc-heading.ultimate-heading-64926a047c8913041 .uvc-sub-heading '  data-responsive-json-new='{\"font-size\":\"desktop:34px;\",\"line-height\":\"desktop:44px;\"}'  style=\"font-weight:bold;color:#000000;\">Rechtzeitige Unterst\u00fctzung und zertifizierte Qualit\u00e4t in allen Phasen<\/div><\/div>[\/vc_column][vc_column width=&#8220;1\/2&#8243;][vc_column_text]<\/p>\n<p style=\"text-align: left;\">Die Lieferung der Ausr\u00fcstung ist nur eine Phase der Dienstleistungen, die wir unseren Kunden anbieten. Wir bieten auch Unterst\u00fctzung in den weniger sichtbaren Phasen wie <strong>vor der Lieferung und nach der Lieferung.<\/strong><\/p>\n<p style=\"text-align: left;\">Neben der Konformit\u00e4t <strong>der Werkzeuge ist f\u00fcr uns auch eine rechtzeitige Unterst\u00fctzung<\/strong> <strong>unserer Kunden<\/strong> von entscheidender Bedeutung. Wir bem\u00fchen uns, auf Kundenanfragen innerhalb eines kurzen Zeitraums zu reagieren und den vereinbarten Zeitrahmen einzuhalten.<\/p>\n<p style=\"text-align: left;\"><strong> <\/strong>Unsere Abteilungen sind in der Lage, die Bed\u00fcrfnisse der Kunden dank einer Reihe von Dienstleistungen zu erf\u00fcllen, die durch ein <strong>UNI EN ISO 9001:2015 zertifizierten Qualit\u00e4tssystems<\/strong> und durch <strong>ma\u00dfgeschneiderte Verfahren, die durch unser Managementprogramm koordiniert werden<\/strong>.<\/p>\n<p>[\/vc_column_text][\/vc_column][\/vc_row][vc_row equal_height=&#8220;yes&#8220; content_placement=&#8220;middle&#8220; css=&#8220;.vc_custom_1697804746141{padding-top: 100px !important;}&#8220; el_class=&#8220;col01&#8243;][vc_column width=&#8220;1\/2&#8243;]<div id=\"ultimate-heading-68066a047c8913073\" class=\"uvc-heading ult-adjust-bottom-margin ultimate-heading-68066a047c8913073 uvc-5763 \" data-hspacer=\"no_spacer\"  data-halign=\"left\" style=\"text-align:left\"><div class=\"uvc-heading-spacer no_spacer\" style=\"top\"><\/div><div class=\"uvc-main-heading ult-responsive\"  data-ultimate-target='.uvc-heading.ultimate-heading-68066a047c8913073 h3'  data-responsive-json-new='{\"font-size\":\"desktop:50px;\",\"line-height\":\"\"}' ><h3 style=\"font-weight:bold;color:#2153a3;\">01<\/h3><\/div><div class=\"uvc-sub-heading ult-responsive\"  data-ultimate-target='.uvc-heading.ultimate-heading-68066a047c8913073 .uvc-sub-heading '  data-responsive-json-new='{\"font-size\":\"desktop:25px;\",\"line-height\":\"desktop:15px;\"}'  style=\"font-weight:normal;color:#2153a3;margin-bottom:30px;\">Angebot \/ Vorentwurfsanalyse<\/div><\/div>[vc_column_text]Unser Engagement beginnt mit dem Kostenvoranschlag, der unserer Meinung nach <strong>zuverl\u00e4ssigsein und innerhalb kurzer Zeit \u00fcbermittelt werden muss<\/strong>.<\/p>\n<p>Der Service <strong>ANALYSE DES DRUCKGUSSTEILES erm\u00f6glicht es dem Kunden, sich \u00fcber die im Angebot vorgeschlagene Stanzmethode und eventuelle Probleme<\/strong> zu informieren. Diese Phase ist f\u00fcr Teile mit komplexen Geometrien oder Stanzproblemen reserviert, da sie eine vereinfachte Werkzeugkonstruktion voraussetzt.[\/vc_column_text][\/vc_column][vc_column width=&#8220;1\/2&#8243;][vc_single_image image=&#8220;4328&#8243; img_size=&#8220;large&#8220;][\/vc_column][\/vc_row][vc_row css=&#8220;.vc_custom_1697619541351{padding-top: 100px !important;padding-bottom: 50px !important;}&#8220;][vc_column width=&#8220;1\/2&#8243;][vc_single_image image=&#8220;4330&#8243; img_size=&#8220;large&#8220;][\/vc_column][vc_column width=&#8220;1\/2&#8243;]<div id=\"ultimate-heading-72666a047c8913092\" class=\"uvc-heading ult-adjust-bottom-margin ultimate-heading-72666a047c8913092 uvc-4066 \" data-hspacer=\"no_spacer\"  data-halign=\"left\" style=\"text-align:left\"><div class=\"uvc-heading-spacer no_spacer\" style=\"top\"><\/div><div class=\"uvc-main-heading ult-responsive\"  data-ultimate-target='.uvc-heading.ultimate-heading-72666a047c8913092 h3'  data-responsive-json-new='{\"font-size\":\"desktop:50px;\",\"line-height\":\"\"}' ><h3 style=\"font-weight:bold;color:#2153a3;\">02<\/h3><\/div><div class=\"uvc-sub-heading ult-responsive\"  data-ultimate-target='.uvc-heading.ultimate-heading-72666a047c8913092 .uvc-sub-heading '  data-responsive-json-new='{\"font-size\":\"desktop:25px;\",\"line-height\":\"desktop:15px;\"}'  style=\"font-weight:normal;color:#2153a3;margin-bottom:30px;\">Projekt \/ Baugenehmigung<\/div><\/div>[vc_column_text]<strong>Beginn der Planung mit allen Phasen, die durch unser Verwaltungsprogramm geplant werden.<\/strong><\/p>\n<p>Die Konstruktion der EWZ erfolgt mit <strong>modernster CAD- und CAM-Software.<\/strong><\/p>\n<p>Das Design wird mit Attributen realisiert, die es erm\u00f6glichen, Geometrien automatisch zu bearbeiten und Werkzeugwege f\u00fcr unsere Maschinen in der Produktion bereitzustellen.<\/p>\n<p>Die <strong>3D-Konstruktion des Werkzeuges und ein Pr\u00e4sentationsdokument<\/strong> werden an den Kunden geschickt, um eine <strong>Genehmigung f\u00fcr die Konstruktion<\/strong> zu erhalten.[\/vc_column_text][\/vc_column][\/vc_row][vc_row equal_height=&#8220;yes&#8220; content_placement=&#8220;middle&#8220; css=&#8220;.vc_custom_1698307895426{padding-top: 50px !important;padding-bottom: 50px !important;}&#8220; el_class=&#8220;col03&#8243;][vc_column width=&#8220;1\/2&#8243;]<div id=\"ultimate-heading-94306a047c89130ab\" class=\"uvc-heading ult-adjust-bottom-margin ultimate-heading-94306a047c89130ab uvc-1969 \" data-hspacer=\"no_spacer\"  data-halign=\"left\" style=\"text-align:left\"><div class=\"uvc-heading-spacer no_spacer\" style=\"top\"><\/div><div class=\"uvc-main-heading ult-responsive\"  data-ultimate-target='.uvc-heading.ultimate-heading-94306a047c89130ab h3'  data-responsive-json-new='{\"font-size\":\"desktop:50px;\",\"line-height\":\"\"}' ><h3 style=\"font-weight:bold;color:#2153a3;\">03<\/h3><\/div><div class=\"uvc-sub-heading ult-responsive\"  data-ultimate-target='.uvc-heading.ultimate-heading-94306a047c89130ab .uvc-sub-heading '  data-responsive-json-new='{\"font-size\":\"desktop:25px;\",\"line-height\":\"desktop:15px;\"}'  style=\"font-weight:normal;color:#2153a3;margin-bottom:30px;\">Produktion<\/div><\/div>[vc_column_text]<strong>Bestellung von Materialien und Beginn der Produktion mit allen Schritten, die durch unser Verwaltungsprogramm geplant werden.<\/strong><\/p>\n<p><strong> <\/strong>Unser Maschinenpark ist nach Abteilungen unterteilt, um die Werkzeugmaschinen f\u00fcr die jeweilige Aufgabe zu optimieren.<\/p>\n<p><strong>Die 3D-Modellierung wird direkt mit festen Attributen und Zyklen programmiert<\/strong> die die getreue Wiedergabe der dreidimensionalen Mathematik garantieren.<\/p>\n<p>Unser Maschinenpark ist in der Lage <strong>jede Bearbeitungsanforderung zu erf\u00fcllen<\/strong> und besteht aus: 10 Bearbeitungszentren (3-Achsen, 4-Achsen und 5-Achsen), 3 Drahterodiermaschinen, 2 gesteuerte Drehmaschinen, 1 Schleifmaschine, 3 Stichs\u00e4gen, 3 S\u00e4ulenbohrmaschinen, 1 Markierungslaser.[\/vc_column_text][\/vc_column][vc_column width=&#8220;1\/2&#8243;][vc_single_image image=&#8220;4097&#8243; img_size=&#8220;large&#8220;][\/vc_column][\/vc_row][vc_row css=&#8220;.vc_custom_1698307903000{padding-top: 50px !important;padding-bottom: 50px !important;}&#8220; el_class=&#8220;col04&#8243;][vc_column width=&#8220;1\/2&#8243;][vc_single_image image=&#8220;3765&#8243; img_size=&#8220;large&#8220;][\/vc_column][vc_column width=&#8220;1\/2&#8243;]<div id=\"ultimate-heading-41076a047c89130c3\" class=\"uvc-heading ult-adjust-bottom-margin ultimate-heading-41076a047c89130c3 uvc-7472 \" data-hspacer=\"no_spacer\"  data-halign=\"left\" style=\"text-align:left\"><div class=\"uvc-heading-spacer no_spacer\" style=\"top\"><\/div><div class=\"uvc-main-heading ult-responsive\"  data-ultimate-target='.uvc-heading.ultimate-heading-41076a047c89130c3 h3'  data-responsive-json-new='{\"font-size\":\"desktop:50px;\",\"line-height\":\"\"}' ><h3 style=\"font-weight:bold;color:#2153a3;\">04<\/h3><\/div><div class=\"uvc-sub-heading ult-responsive\"  data-ultimate-target='.uvc-heading.ultimate-heading-41076a047c89130c3 .uvc-sub-heading '  data-responsive-json-new='{\"font-size\":\"desktop:25px;\",\"line-height\":\"desktop:15px;\"}'  style=\"font-weight:normal;color:#2153a3;margin-bottom:30px;\">Montage \/ Pr\u00fcfung<\/div><\/div>[vc_column_text]<strong>Montage von Werkzeugen und Inbetriebnahme von elektrischen, hydraulischen und pneumatischen Systemen.<\/strong><\/p>\n<p><strong> <\/strong>Wir sind so strukturiert, dass wir die Montage von gro\u00dfen Entgratwerkzeugen mit Sensoren, seitlichen Radials, doppelt wirkenden Bewegungen und Bearbeitungseinheiten (S\u00e4gen, Bohren, Gewindeschneiden) durchf\u00fchren k\u00f6nnen.<\/p>\n<p><strong>Interne Pr\u00fcfung<\/strong> mit unseren Nr. 3 Pressmachine (Nr. 1 30Ton, Nr. 1 50T und Nr. 1 100Ton), <strong>In dieser Phase f\u00fchren wir eine genaue \u00dcberpr\u00fcfung der Ausr\u00fcstung und des tats\u00e4chlichen Stanzergebnisses durch.<\/strong>[\/vc_column_text][\/vc_column][\/vc_row][vc_row equal_height=&#8220;yes&#8220; content_placement=&#8220;middle&#8220; css=&#8220;.vc_custom_1697804679900{padding-top: 50px !important;padding-bottom: 50px !important;}&#8220; el_class=&#8220;col05&#8243;][vc_column width=&#8220;1\/2&#8243;]<div id=\"ultimate-heading-64716a047c89130da\" class=\"uvc-heading ult-adjust-bottom-margin ultimate-heading-64716a047c89130da uvc-3996 \" data-hspacer=\"no_spacer\"  data-halign=\"left\" style=\"text-align:left\"><div class=\"uvc-heading-spacer no_spacer\" style=\"top\"><\/div><div class=\"uvc-main-heading ult-responsive\"  data-ultimate-target='.uvc-heading.ultimate-heading-64716a047c89130da h3'  data-responsive-json-new='{\"font-size\":\"desktop:50px;\",\"line-height\":\"\"}' ><h3 style=\"font-weight:bold;color:#2153a3;\">05<\/h3><\/div><div class=\"uvc-sub-heading ult-responsive\"  data-ultimate-target='.uvc-heading.ultimate-heading-64716a047c89130da .uvc-sub-heading '  data-responsive-json-new='{\"font-size\":\"desktop:25px;\",\"line-height\":\"desktop:15px;\"}'  style=\"font-weight:normal;color:#2153a3;margin-bottom:30px;\">Lieferung und Zusendung von Unterlagen<\/div><\/div>[vc_column_text]<strong>Lieferung der gepr\u00fcften Werkzeuge direkt an den Kunden.<\/strong><\/p>\n<p>Parallel zur Ausr\u00fcstung <strong>senden wir die gesamte endg\u00fcltige Dokumentation<\/strong> 2D-Konstruktion, 3D-Konstruktion und Datenblatt des Entgratwerkzeuges (Stanzbuch mit allgemeinen Informationen \u00fcber das Entgratwerkzeug, Stanzzyklus, Stempelabbildung, Stahlzertifikate, W\u00e4rmebehandlungszertifikate, Bauteilbl\u00e4tter usw.).[\/vc_column_text][\/vc_column][vc_column width=&#8220;1\/2&#8243;][vc_single_image image=&#8220;4332&#8243; img_size=&#8220;large&#8220;][\/vc_column][\/vc_row][vc_row css=&#8220;.vc_custom_1697619559757{padding-top: 50px !important;padding-bottom: 50px !important;}&#8220;][vc_column width=&#8220;1\/2&#8243;][vc_single_image image=&#8220;4098&#8243; img_size=&#8220;large&#8220;][\/vc_column][vc_column width=&#8220;1\/2&#8243;]<div id=\"ultimate-heading-93146a047c89130f0\" class=\"uvc-heading ult-adjust-bottom-margin ultimate-heading-93146a047c89130f0 uvc-5561 \" data-hspacer=\"no_spacer\"  data-halign=\"left\" style=\"text-align:left\"><div class=\"uvc-heading-spacer no_spacer\" style=\"top\"><\/div><div class=\"uvc-main-heading ult-responsive\"  data-ultimate-target='.uvc-heading.ultimate-heading-93146a047c89130f0 h3'  data-responsive-json-new='{\"font-size\":\"desktop:50px;\",\"line-height\":\"\"}' ><h3 style=\"font-weight:bold;color:#2153a3;\">06<\/h3><\/div><div class=\"uvc-sub-heading ult-responsive\"  data-ultimate-target='.uvc-heading.ultimate-heading-93146a047c89130f0 .uvc-sub-heading '  data-responsive-json-new='{\"font-size\":\"desktop:25px;\",\"line-height\":\"desktop:15px;\"}'  style=\"font-weight:normal;color:#2153a3;margin-bottom:30px;\">Service und Wartung \/ Modifikationen<\/div><\/div>[vc_column_text]Unser Service endet nicht mit der Lieferung des Werkzeugs, sondern <strong>wir begleiten den Kunden bei jedem Bedarf und w\u00e4hrend der gesamten Dauer des Vorgangs.<\/strong><\/p>\n<p><strong> <\/strong>Wir f\u00fchren alle \u00c4nderungen, Wartungen und Ersatzteile mit unserem Verwaltungsprogramm durch und \u00fcberwachen sie, um den Kunden w\u00e4hrend der gesamten Lebensdauer der Ausr\u00fcstung zu unterst\u00fctzen.[\/vc_column_text][\/vc_column][\/vc_row][vc_row full_width=&#8220;stretch_row&#8220; content_placement=&#8220;middle&#8220; css=&#8220;.vc_custom_1698243313659{padding-top: 80px !important;padding-bottom: 60px !important;background-color: #143b7a !important;}&#8220;][vc_column width=&#8220;1\/3&#8243;]<div id=\"ultimate-heading-36836a047c8913108\" class=\"uvc-heading ult-adjust-bottom-margin ultimate-heading-36836a047c8913108 uvc-2825 h2-footer-s uvc-heading-default-font-sizes\" data-hspacer=\"no_spacer\"  data-halign=\"left\" style=\"text-align:left\"><div class=\"uvc-heading-spacer no_spacer\" style=\"top\"><\/div><div class=\"uvc-main-heading ult-responsive\"  data-ultimate-target='.uvc-heading.ultimate-heading-36836a047c8913108 h2'  data-responsive-json-new='{\"font-size\":\"\",\"line-height\":\"\"}' ><h2 style=\"font-weight:bold;color:#ffffff;\">Sie ben\u00f6tigen Informationen und ein Angebot?<\/h2><\/div><\/div>[\/vc_column][vc_column width=&#8220;1\/3&#8243;][vc_column_text el_class=&#8220;p-footer-s&#8220;]<\/p>\n<p style=\"color: white;\">F\u00fcr weitere Informationen z\u00f6gern Sie nicht, uns zu kontaktieren.<br \/>\nF\u00fcllen Sie das Online-Formular aus und senden Sie uns Ihre Anfrage oder rufen Sie unsere Telefonzentrale an, um zu dem Bereich weitergeleitet zu werden, der Ihren Anforderungen am besten entspricht.[\/vc_column_text][\/vc_column][vc_column width=&#8220;1\/3&#8243;]<div id=\"ultimate-heading-74856a047c8913120\" class=\"uvc-heading ult-adjust-bottom-margin ultimate-heading-74856a047c8913120 uvc-2607 \" data-hspacer=\"no_spacer\"  data-halign=\"center\" style=\"text-align:center\"><div class=\"uvc-heading-spacer no_spacer\" style=\"top\"><\/div><div class=\"uvc-sub-heading ult-responsive\"  data-ultimate-target='.uvc-heading.ultimate-heading-74856a047c8913120 .uvc-sub-heading '  data-responsive-json-new='{\"font-size\":\"desktop:24px;\",\"line-height\":\"desktop:34px;\"}'  style=\"font-weight:bold;color:#ffffff;\"><strong><a style=\"font-weight: bold; color: #ffffff; text-decoration: none;\" href=\"tel:+390365826629\">+39 0365 826629<\/a><\/strong><\/p>\n<p><a style=\"font-weight: normal; color: #ffffff; text-decoration: none;\" href=\"mailto:info@rizzardini.it\">info@rizzardini.it<\/a><\/div><\/div><style type=\"text\/css\" data-type=\"the7_shortcodes-inline-css\">#default-btn-ed864e5d38c2d8c7fd50f68e6363e3cb {\n  border-radius: 5px;\n  font-size: 16px;\n  line-height: 18px;\n}\n.btn-shadow#default-btn-ed864e5d38c2d8c7fd50f68e6363e3cb {\n  box-shadow: 0 1px 6px rgba(0,0,0,0.12);\n  transition: box-shadow 0.2s ease-out, opacity 0.45s;\n}\n.btn-shadow#default-btn-ed864e5d38c2d8c7fd50f68e6363e3cb:hover {\n  box-shadow: 0 5px 11px 0 rgba(0,0,0,0.18), 0 4px 15px 0 rgba(0,0,0,0.15);\n}\n.btn-3d#default-btn-ed864e5d38c2d8c7fd50f68e6363e3cb {\n  box-shadow: 0px 2px 0px 0px #3155b0;\n}\n.btn-3d#default-btn-ed864e5d38c2d8c7fd50f68e6363e3cb:hover {\n  box-shadow: 0px 2px 0px 0px #000000;\n}\n.btn-flat#default-btn-ed864e5d38c2d8c7fd50f68e6363e3cb {\n  box-shadow: none;\n}\n.btn-flat#default-btn-ed864e5d38c2d8c7fd50f68e6363e3cb:hover {\n  box-shadow: none;\n}\n#default-btn-ed864e5d38c2d8c7fd50f68e6363e3cb.ico-right-side > i {\n  margin-right: 0px;\n  margin-left: 8px;\n}\n#default-btn-ed864e5d38c2d8c7fd50f68e6363e3cb > i {\n  margin-right: 8px;\n  font-size: 16px;\n}\n#default-btn-ed864e5d38c2d8c7fd50f68e6363e3cb:not(:hover) {\n  border-width: 3px;\n  border-color: #396ae5 !important;\n  color: #ffffff;\n  background: #396ae5 !important;\n  padding: 16px 10px 16px 10px;\n}\n#default-btn-ed864e5d38c2d8c7fd50f68e6363e3cb:not(:hover) * {\n  color: #ffffff;\n}\n#default-btn-ed864e5d38c2d8c7fd50f68e6363e3cb:hover {\n  border-width: 3px;\n  border-color: #1a1c20 !important;\n  color: #ffffff;\n  background: #1a1c20 !important;\n  padding: 16px 10px 16px 10px;\n}\n#default-btn-ed864e5d38c2d8c7fd50f68e6363e3cb:hover * {\n  color: #ffffff;\n}\n#default-btn-ed864e5d38c2d8c7fd50f68e6363e3cb.ico-right-side > i {\n  margin-right: 0px;\n  margin-left: 8px;\n}\n#default-btn-ed864e5d38c2d8c7fd50f68e6363e3cb > i {\n  margin-right: 8px;\n}\n<\/style><div class=\"btn-align-center\"><a href=\"https:\/\/www.rizzardini.it\/contatti\/\" class=\"default-btn-shortcode dt-btn link-hover-off footer-btn btn-flat \" id=\"default-btn-ed864e5d38c2d8c7fd50f68e6363e3cb\" style=\"width:240px;\" title=\"Contatti\"><span>Stellen Sie Ihre Anfrage<\/span><\/a><\/div>[\/vc_column][\/vc_row]<\/p>\n<\/div>","protected":false},"excerpt":{"rendered":"<p>[vc_row full_width=&#8220;stretch_row&#8220; equal_height=&#8220;yes&#8220; bg_type=&#8220;bg_color&#8220; seperator_enable=&#8220;seperator_enable_value&#8220; seperator_type=&#8220;tilt_left_seperator&#8220; seperator_position=&#8220;bottom_seperator&#8220; seperator_svg_height=&#8220;98&#8243; seperator_shape_background=&#8220;#f5f5f5&#8243; css=&#8220;.vc_custom_1697723977287{padding-top: 60px !important;padding-bottom: 60px !important;background-color: #f5f5f5 !important;}&#8220;][vc_column width=&#8220;1\/2&#8243;][\/vc_column][vc_column width=&#8220;1\/2&#8243;][vc_column_text] Die Lieferung der Ausr\u00fcstung ist nur eine Phase der Dienstleistungen, die wir unseren Kunden anbieten. Wir bieten auch Unterst\u00fctzung in den weniger sichtbaren Phasen wie vor der Lieferung und nach der Lieferung. Neben der Konformit\u00e4t der Werkzeuge&hellip;<\/p>\n","protected":false},"author":1,"featured_media":0,"parent":0,"menu_order":20,"comment_status":"closed","ping_status":"closed","template":"","meta":{"footnotes":""},"yoast_head":"<!-- This site is optimized with the Yoast SEO plugin v21.6 - https:\/\/yoast.com\/wordpress\/plugins\/seo\/ -->\n<title>Dienstleistungen - Rizzardini<\/title>\n<meta name=\"robots\" content=\"index, follow, max-snippet:-1, max-image-preview:large, max-video-preview:-1\" \/>\n<link rel=\"canonical\" href=\"https:\/\/www.rizzardini.it\/de\/dienstleistungen\/\" \/>\n<meta property=\"og:locale\" content=\"de_DE\" \/>\n<meta property=\"og:type\" content=\"article\" \/>\n<meta property=\"og:title\" content=\"Dienstleistungen - Rizzardini\" \/>\n<meta property=\"og:description\" content=\"[vc_row full_width=&#8220;stretch_row&#8220; equal_height=&#8220;yes&#8220; bg_type=&#8220;bg_color&#8220; seperator_enable=&#8220;seperator_enable_value&#8220; seperator_type=&#8220;tilt_left_seperator&#8220; seperator_position=&#8220;bottom_seperator&#8220; seperator_svg_height=&#8220;98&#8243; seperator_shape_background=&#8220;#f5f5f5&#8243; css=&#8220;.vc_custom_1697723977287{padding-top: 60px !important;padding-bottom: 60px !important;background-color: #f5f5f5 !important;}&#8220;][vc_column width=&#8220;1\/2&#8243;][\/vc_column][vc_column width=&#8220;1\/2&#8243;][vc_column_text] Die Lieferung der Ausr\u00fcstung ist nur eine Phase der Dienstleistungen, die wir unseren Kunden anbieten. Wir bieten auch Unterst\u00fctzung in den weniger sichtbaren Phasen wie vor der Lieferung und nach der Lieferung. Neben der Konformit\u00e4t der Werkzeuge&hellip;\" \/>\n<meta property=\"og:url\" content=\"https:\/\/www.rizzardini.it\/de\/dienstleistungen\/\" \/>\n<meta property=\"og:site_name\" content=\"Rizzardini\" \/>\n<meta property=\"article:modified_time\" content=\"2023-12-21T10:38:14+00:00\" \/>\n<meta name=\"twitter:card\" content=\"summary_large_image\" \/>\n<meta name=\"twitter:label1\" content=\"Gesch\u00e4tzte Lesezeit\" \/>\n\t<meta name=\"twitter:data1\" content=\"4 Minuten\" \/>\n<script type=\"application\/ld+json\" class=\"yoast-schema-graph\">{\"@context\":\"https:\/\/schema.org\",\"@graph\":[{\"@type\":\"WebPage\",\"@id\":\"https:\/\/www.rizzardini.it\/de\/dienstleistungen\/\",\"url\":\"https:\/\/www.rizzardini.it\/de\/dienstleistungen\/\",\"name\":\"Dienstleistungen - Rizzardini\",\"isPartOf\":{\"@id\":\"https:\/\/www.rizzardini.it\/de\/#website\"},\"datePublished\":\"2023-10-18T08:24:52+00:00\",\"dateModified\":\"2023-12-21T10:38:14+00:00\",\"breadcrumb\":{\"@id\":\"https:\/\/www.rizzardini.it\/de\/dienstleistungen\/#breadcrumb\"},\"inLanguage\":\"de-DE\",\"potentialAction\":[{\"@type\":\"ReadAction\",\"target\":[\"https:\/\/www.rizzardini.it\/de\/dienstleistungen\/\"]}]},{\"@type\":\"BreadcrumbList\",\"@id\":\"https:\/\/www.rizzardini.it\/de\/dienstleistungen\/#breadcrumb\",\"itemListElement\":[{\"@type\":\"ListItem\",\"position\":1,\"name\":\"Home\",\"item\":\"https:\/\/www.rizzardini.it\/de\/home\/\"},{\"@type\":\"ListItem\",\"position\":2,\"name\":\"Dienstleistungen\"}]},{\"@type\":\"WebSite\",\"@id\":\"https:\/\/www.rizzardini.it\/de\/#website\",\"url\":\"https:\/\/www.rizzardini.it\/de\/\",\"name\":\"Rizzardini\",\"description\":\"Stampi per la tranciatura di getti pressocolati\",\"potentialAction\":[{\"@type\":\"SearchAction\",\"target\":{\"@type\":\"EntryPoint\",\"urlTemplate\":\"https:\/\/www.rizzardini.it\/de\/?s={search_term_string}\"},\"query-input\":\"required name=search_term_string\"}],\"inLanguage\":\"de-DE\"}]}<\/script>\n<!-- \/ Yoast SEO plugin. -->","yoast_head_json":{"title":"Dienstleistungen - Rizzardini","robots":{"index":"index","follow":"follow","max-snippet":"max-snippet:-1","max-image-preview":"max-image-preview:large","max-video-preview":"max-video-preview:-1"},"canonical":"https:\/\/www.rizzardini.it\/de\/dienstleistungen\/","og_locale":"de_DE","og_type":"article","og_title":"Dienstleistungen - Rizzardini","og_description":"[vc_row full_width=&#8220;stretch_row&#8220; equal_height=&#8220;yes&#8220; bg_type=&#8220;bg_color&#8220; seperator_enable=&#8220;seperator_enable_value&#8220; seperator_type=&#8220;tilt_left_seperator&#8220; seperator_position=&#8220;bottom_seperator&#8220; seperator_svg_height=&#8220;98&#8243; seperator_shape_background=&#8220;#f5f5f5&#8243; css=&#8220;.vc_custom_1697723977287{padding-top: 60px !important;padding-bottom: 60px !important;background-color: #f5f5f5 !important;}&#8220;][vc_column width=&#8220;1\/2&#8243;][\/vc_column][vc_column width=&#8220;1\/2&#8243;][vc_column_text] Die Lieferung der Ausr\u00fcstung ist nur eine Phase der Dienstleistungen, die wir unseren Kunden anbieten. Wir bieten auch Unterst\u00fctzung in den weniger sichtbaren Phasen wie vor der Lieferung und nach der Lieferung. Neben der Konformit\u00e4t der Werkzeuge&hellip;","og_url":"https:\/\/www.rizzardini.it\/de\/dienstleistungen\/","og_site_name":"Rizzardini","article_modified_time":"2023-12-21T10:38:14+00:00","twitter_card":"summary_large_image","twitter_misc":{"Gesch\u00e4tzte Lesezeit":"4 Minuten"},"schema":{"@context":"https:\/\/schema.org","@graph":[{"@type":"WebPage","@id":"https:\/\/www.rizzardini.it\/de\/dienstleistungen\/","url":"https:\/\/www.rizzardini.it\/de\/dienstleistungen\/","name":"Dienstleistungen - Rizzardini","isPartOf":{"@id":"https:\/\/www.rizzardini.it\/de\/#website"},"datePublished":"2023-10-18T08:24:52+00:00","dateModified":"2023-12-21T10:38:14+00:00","breadcrumb":{"@id":"https:\/\/www.rizzardini.it\/de\/dienstleistungen\/#breadcrumb"},"inLanguage":"de-DE","potentialAction":[{"@type":"ReadAction","target":["https:\/\/www.rizzardini.it\/de\/dienstleistungen\/"]}]},{"@type":"BreadcrumbList","@id":"https:\/\/www.rizzardini.it\/de\/dienstleistungen\/#breadcrumb","itemListElement":[{"@type":"ListItem","position":1,"name":"Home","item":"https:\/\/www.rizzardini.it\/de\/home\/"},{"@type":"ListItem","position":2,"name":"Dienstleistungen"}]},{"@type":"WebSite","@id":"https:\/\/www.rizzardini.it\/de\/#website","url":"https:\/\/www.rizzardini.it\/de\/","name":"Rizzardini","description":"Stampi per la tranciatura di getti pressocolati","potentialAction":[{"@type":"SearchAction","target":{"@type":"EntryPoint","urlTemplate":"https:\/\/www.rizzardini.it\/de\/?s={search_term_string}"},"query-input":"required name=search_term_string"}],"inLanguage":"de-DE"}]}},"_links":{"self":[{"href":"https:\/\/www.rizzardini.it\/de\/wp-json\/wp\/v2\/pages\/4779"}],"collection":[{"href":"https:\/\/www.rizzardini.it\/de\/wp-json\/wp\/v2\/pages"}],"about":[{"href":"https:\/\/www.rizzardini.it\/de\/wp-json\/wp\/v2\/types\/page"}],"author":[{"embeddable":true,"href":"https:\/\/www.rizzardini.it\/de\/wp-json\/wp\/v2\/users\/1"}],"replies":[{"embeddable":true,"href":"https:\/\/www.rizzardini.it\/de\/wp-json\/wp\/v2\/comments?post=4779"}],"version-history":[{"count":7,"href":"https:\/\/www.rizzardini.it\/de\/wp-json\/wp\/v2\/pages\/4779\/revisions"}],"predecessor-version":[{"id":5041,"href":"https:\/\/www.rizzardini.it\/de\/wp-json\/wp\/v2\/pages\/4779\/revisions\/5041"}],"wp:attachment":[{"href":"https:\/\/www.rizzardini.it\/de\/wp-json\/wp\/v2\/media?parent=4779"}],"curies":[{"name":"wp","href":"https:\/\/api.w.org\/{rel}","templated":true}]}}